{"id":1725,"date":"2014-07-17T16:23:04","date_gmt":"2014-07-17T16:23:04","guid":{"rendered":"http:\/\/bulley.com\/?page_id=1725"},"modified":"2025-04-11T16:41:47","modified_gmt":"2025-04-11T21:41:47","slug":"municipal","status":"publish","type":"page","link":"https:\/\/www.bulley.com\/es\/markets\/municipal\/","title":{"rendered":"Municipal"},"content":{"rendered":"<h1>Municipal<\/h1>\n<p>Desde bibliotecas hasta estaciones de polic\u00eda, los edificios municipales son fundamentales para la forma en que nuestras comunidades viven, se re\u00fanen y crecen.<\/p>\n<p>Aunque las necesidades var\u00edan seg\u00fan el tipo de edificio y el alcance del proyecto, dos cosas son constantes: las estructuras municipales deben servir a m\u00faltiples distritos electorales y ser extremadamente duraderas.<\/p>\n<p>Adem\u00e1s de seleccionar los mejores materiales y subcontratistas para el proyecto, el equipo de Bulley &amp; Andrews eval\u00faa los costos de ciclo de vida asociados con el mantenimiento y operaci\u00f3n de las instalaciones. Esta informaci\u00f3n es vital para ayudar al Propietario a tomar decisiones que tengan un impacto positivo en la esperanza de vida de un edificio. El plan de construcci\u00f3n resultante garantiza que el edificio cumpla con los objetivos de los usuarios finales, as\u00ed como con las expectativas de la comunidad en general.<\/p>","protected":false},"excerpt":{"rendered":"<p>Municipal Desde bibliotecas hasta comisar\u00edas, los edificios municipales son fundamentales para la forma en que nuestras comunidades viven, se re\u00fanen y crecen. Aunque las necesidades var\u00edan seg\u00fan el tipo de edificio y el alcance del proyecto, dos cosas son firmes: las estructuras municipales deben servir a m\u00faltiples distritos y ser extremadamente duraderas. Adem\u00e1s de seleccionar los mejores materiales y subcontratistas para el proyecto, Bulley &amp;\u2026<\/p>","protected":false},"author":1,"featured_media":0,"parent":107,"menu_order":0,"comment_status":"closed","ping_status":"closed","template":"","meta":{"_acf_changed":true,"footnotes":""},"class_list":["post-1725","page","type-page","status-publish","hentry"],"acf":[],"yoast_head":"<!-- This site is optimized with the Yoast SEO plugin v27.3 - https:\/\/yoast.com\/product\/yoast-seo-wordpress\/ -->\n<title>Municipal - Bulley &amp; Andrews<\/title>\n<meta name=\"robots\" content=\"index, follow, max-snippet:-1, max-image-preview:large, max-video-preview:-1\" \/>\n<link rel=\"canonical\" href=\"https:\/\/www.bulley.com\/es\/markets\/municipal\/\" \/>\n<meta property=\"og:locale\" content=\"es_MX\" \/>\n<meta property=\"og:type\" content=\"article\" \/>\n<meta property=\"og:title\" content=\"Municipal - Bulley &amp; Andrews\" \/>\n<meta property=\"og:description\" content=\"Municipal From libraries to police stations, municipal buildings are central to how our communities live, gather and grow. Though needs vary by building type and project scope, two things are steadfast: municipal structures must serve multiple constituencies and be extremely durable. In addition to selecting the best materials and subcontractors for the project, Bulley &amp;&hellip;\" \/>\n<meta property=\"og:url\" content=\"https:\/\/www.bulley.com\/es\/markets\/municipal\/\" \/>\n<meta property=\"og:site_name\" content=\"Bulley &amp; Andrews\" \/>\n<meta property=\"article:publisher\" content=\"https:\/\/www.facebook.com\/BulleyAndrews\" \/>\n<meta property=\"article:modified_time\" content=\"2025-04-11T21:41:47+00:00\" \/>\n<meta property=\"og:image\" content=\"https:\/\/www.bulley.com\/wp-content\/uploads\/2018\/11\/og-image.png\" \/>\n\t<meta property=\"og:image:width\" content=\"1200\" \/>\n\t<meta property=\"og:image:height\" content=\"1200\" \/>\n\t<meta property=\"og:image:type\" content=\"image\/png\" \/>\n<meta name=\"twitter:label1\" content=\"Tiempo de lectura\" \/>\n\t<meta name=\"twitter:data1\" content=\"1 minuto\" \/>\n<script type=\"application\/ld+json\" class=\"yoast-schema-graph\">{\"@context\":\"https:\\\/\\\/schema.org\",\"@graph\":[{\"@type\":\"WebPage\",\"@id\":\"https:\\\/\\\/www.bulley.com\\\/markets\\\/municipal\\\/\",\"url\":\"https:\\\/\\\/www.bulley.com\\\/markets\\\/municipal\\\/\",\"name\":\"Municipal - Bulley &amp; Andrews\",\"isPartOf\":{\"@id\":\"https:\\\/\\\/www.bulley.com\\\/#website\"},\"datePublished\":\"2014-07-17T16:23:04+00:00\",\"dateModified\":\"2025-04-11T21:41:47+00:00\",\"breadcrumb\":{\"@id\":\"https:\\\/\\\/www.bulley.com\\\/markets\\\/municipal\\\/#breadcrumb\"},\"inLanguage\":\"es\",\"potentialAction\":[{\"@type\":\"ReadAction\",\"target\":[\"https:\\\/\\\/www.bulley.com\\\/markets\\\/municipal\\\/\"]}]},{\"@type\":\"BreadcrumbList\",\"@id\":\"https:\\\/\\\/www.bulley.com\\\/markets\\\/municipal\\\/#breadcrumb\",\"itemListElement\":[{\"@type\":\"ListItem\",\"position\":1,\"name\":\"Home\",\"item\":\"https:\\\/\\\/www.bulley.com\\\/\"},{\"@type\":\"ListItem\",\"position\":2,\"name\":\"Markets\",\"item\":\"https:\\\/\\\/www.bulley.com\\\/markets\\\/\"},{\"@type\":\"ListItem\",\"position\":3,\"name\":\"Municipal\"}]},{\"@type\":\"WebSite\",\"@id\":\"https:\\\/\\\/www.bulley.com\\\/#website\",\"url\":\"https:\\\/\\\/www.bulley.com\\\/\",\"name\":\"Bulley &amp; Andrews\",\"description\":\"\",\"publisher\":{\"@id\":\"https:\\\/\\\/www.bulley.com\\\/#organization\"},\"potentialAction\":[{\"@type\":\"SearchAction\",\"target\":{\"@type\":\"EntryPoint\",\"urlTemplate\":\"https:\\\/\\\/www.bulley.com\\\/?s={search_term_string}\"},\"query-input\":{\"@type\":\"PropertyValueSpecification\",\"valueRequired\":true,\"valueName\":\"search_term_string\"}}],\"inLanguage\":\"es\"},{\"@type\":\"Organization\",\"@id\":\"https:\\\/\\\/www.bulley.com\\\/#organization\",\"name\":\"Bulley & Andrews\",\"url\":\"https:\\\/\\\/www.bulley.com\\\/\",\"logo\":{\"@type\":\"ImageObject\",\"inLanguage\":\"es\",\"@id\":\"https:\\\/\\\/www.bulley.com\\\/#\\\/schema\\\/logo\\\/image\\\/\",\"url\":\"https:\\\/\\\/www.bulley.com\\\/wp-content\\\/uploads\\\/2018\\\/11\\\/og-image.png\",\"contentUrl\":\"https:\\\/\\\/www.bulley.com\\\/wp-content\\\/uploads\\\/2018\\\/11\\\/og-image.png\",\"width\":1200,\"height\":1200,\"caption\":\"Bulley & Andrews\"},\"image\":{\"@id\":\"https:\\\/\\\/www.bulley.com\\\/#\\\/schema\\\/logo\\\/image\\\/\"},\"sameAs\":[\"https:\\\/\\\/www.facebook.com\\\/BulleyAndrews\",\"https:\\\/\\\/x.com\\\/BulleyAndrews\",\"https:\\\/\\\/www.instagram.com\\\/bulleyandrews1891\",\"https:\\\/\\\/www.linkedin.com\\\/company\\\/344505\",\"https:\\\/\\\/www.youtube.com\\\/channel\\\/UCjSshpO1nmcChSTZCBji59Q\"]}]}<\/script>\n<!-- \/ Yoast SEO plugin. -->","yoast_head_json":{"title":"Municipal - Bulley y Andrews","robots":{"index":"index","follow":"follow","max-snippet":"max-snippet:-1","max-image-preview":"max-image-preview:large","max-video-preview":"max-video-preview:-1"},"canonical":"https:\/\/www.bulley.com\/es\/markets\/municipal\/","og_locale":"es_MX","og_type":"article","og_title":"Municipal - Bulley &amp; Andrews","og_description":"Municipal From libraries to police stations, municipal buildings are central to how our communities live, gather and grow. Though needs vary by building type and project scope, two things are steadfast: municipal structures must serve multiple constituencies and be extremely durable. In addition to selecting the best materials and subcontractors for the project, Bulley &amp;&hellip;","og_url":"https:\/\/www.bulley.com\/es\/markets\/municipal\/","og_site_name":"Bulley &amp; Andrews","article_publisher":"https:\/\/www.facebook.com\/BulleyAndrews","article_modified_time":"2025-04-11T21:41:47+00:00","og_image":[{"width":1200,"height":1200,"url":"https:\/\/www.bulley.com\/wp-content\/uploads\/2018\/11\/og-image.png","type":"image\/png"}],"twitter_misc":{"Tiempo de lectura":"1 minuto"},"schema":{"@context":"https:\/\/schema.org","@graph":[{"@type":"WebPage","@id":"https:\/\/www.bulley.com\/markets\/municipal\/","url":"https:\/\/www.bulley.com\/markets\/municipal\/","name":"Municipal - Bulley y Andrews","isPartOf":{"@id":"https:\/\/www.bulley.com\/#website"},"datePublished":"2014-07-17T16:23:04+00:00","dateModified":"2025-04-11T21:41:47+00:00","breadcrumb":{"@id":"https:\/\/www.bulley.com\/markets\/municipal\/#breadcrumb"},"inLanguage":"es","potentialAction":[{"@type":"ReadAction","target":["https:\/\/www.bulley.com\/markets\/municipal\/"]}]},{"@type":"BreadcrumbList","@id":"https:\/\/www.bulley.com\/markets\/municipal\/#breadcrumb","itemListElement":[{"@type":"ListItem","position":1,"name":"Home","item":"https:\/\/www.bulley.com\/"},{"@type":"ListItem","position":2,"name":"Markets","item":"https:\/\/www.bulley.com\/markets\/"},{"@type":"ListItem","position":3,"name":"Municipal"}]},{"@type":"WebSite","@id":"https:\/\/www.bulley.com\/#website","url":"https:\/\/www.bulley.com\/","name":"Bulley &amp; Andrews","description":"","publisher":{"@id":"https:\/\/www.bulley.com\/#organization"},"potentialAction":[{"@type":"SearchAction","target":{"@type":"EntryPoint","urlTemplate":"https:\/\/www.bulley.com\/?s={search_term_string}"},"query-input":{"@type":"PropertyValueSpecification","valueRequired":true,"valueName":"search_term_string"}}],"inLanguage":"es"},{"@type":"Organization","@id":"https:\/\/www.bulley.com\/#organization","name":"Bulley &amp; Andrews","url":"https:\/\/www.bulley.com\/","logo":{"@type":"ImageObject","inLanguage":"es","@id":"https:\/\/www.bulley.com\/#\/schema\/logo\/image\/","url":"https:\/\/www.bulley.com\/wp-content\/uploads\/2018\/11\/og-image.png","contentUrl":"https:\/\/www.bulley.com\/wp-content\/uploads\/2018\/11\/og-image.png","width":1200,"height":1200,"caption":"Bulley & Andrews"},"image":{"@id":"https:\/\/www.bulley.com\/#\/schema\/logo\/image\/"},"sameAs":["https:\/\/www.facebook.com\/BulleyAndrews","https:\/\/x.com\/BulleyAndrews","https:\/\/www.instagram.com\/bulleyandrews1891","https:\/\/www.linkedin.com\/company\/344505","https:\/\/www.youtube.com\/channel\/UCjSshpO1nmcChSTZCBji59Q"]}]}},"_links":{"self":[{"href":"https:\/\/www.bulley.com\/es\/wp-json\/wp\/v2\/pages\/1725","targetHints":{"allow":["GET"]}}],"collection":[{"href":"https:\/\/www.bulley.com\/es\/wp-json\/wp\/v2\/pages"}],"about":[{"href":"https:\/\/www.bulley.com\/es\/wp-json\/wp\/v2\/types\/page"}],"author":[{"embeddable":true,"href":"https:\/\/www.bulley.com\/es\/wp-json\/wp\/v2\/users\/1"}],"replies":[{"embeddable":true,"href":"https:\/\/www.bulley.com\/es\/wp-json\/wp\/v2\/comments?post=1725"}],"version-history":[{"count":0,"href":"https:\/\/www.bulley.com\/es\/wp-json\/wp\/v2\/pages\/1725\/revisions"}],"up":[{"embeddable":true,"href":"https:\/\/www.bulley.com\/es\/wp-json\/wp\/v2\/pages\/107"}],"wp:attachment":[{"href":"https:\/\/www.bulley.com\/es\/wp-json\/wp\/v2\/media?parent=1725"}],"curies":[{"name":"gracias","href":"https:\/\/api.w.org\/{rel}","templated":true}]}}