{"id":1630,"date":"2014-07-14T17:00:21","date_gmt":"2014-07-14T17:00:21","guid":{"rendered":"http:\/\/bulley.com\/?page_id=1630"},"modified":"2025-04-11T16:35:09","modified_gmt":"2025-04-11T21:35:09","slug":"historic-restoration","status":"publish","type":"page","link":"https:\/\/www.bulley.com\/es\/markets\/historic-restoration\/","title":{"rendered":"Restauraci\u00f3n Hist\u00f3rica"},"content":{"rendered":"<h1>Restauraci\u00f3n Hist\u00f3rica<\/h1>\n<p>Como una de las empresas de contrataci\u00f3n general m\u00e1s antiguas de Chicago y de la naci\u00f3n, Bulley &amp; Andrews tiene una apreciaci\u00f3n inherente por su importancia hist\u00f3rica.<\/p>\n<p>Nos enorgullecemos de nuestra capacidad de proporcionar la investigaci\u00f3n, la experiencia y la visi\u00f3n necesarias para preservar y restaurar los tesoros hist\u00f3ricos. Nuestra dedicaci\u00f3n a esta causa est\u00e1 respaldada por el conocimiento colectivo de nuestro equipo de proyecto, el compromiso con la educaci\u00f3n continua y la atenci\u00f3n al detalle.<\/p>\n<h2>Nuestros servicios de restauraci\u00f3n hist\u00f3rica incluyen:<\/h2>\n<ul>\n<li>Construyendo encuestas<\/li>\n<li>Conservaci\u00f3n de hitos<\/li>\n<li>Restauraci\u00f3n interior y exterior.<\/li>\n<li>Reutilizaci\u00f3n adaptable<\/li>\n<\/ul>","protected":false},"excerpt":{"rendered":"<p>Restauraci\u00f3n hist\u00f3rica Como una de las firmas de contrataci\u00f3n general m\u00e1s antiguas de Chicago y del pa\u00eds, Bulley &amp; Andrews tiene un aprecio inherente por la importancia hist\u00f3rica. Nos enorgullecemos de nuestra capacidad para proporcionar la investigaci\u00f3n, la experiencia y la visi\u00f3n necesarias para preservar y restaurar los tesoros hist\u00f3ricos. Nuestra dedicaci\u00f3n a esta causa est\u00e1 respaldada por el equipo de nuestro proyecto ...<\/p>","protected":false},"author":1,"featured_media":0,"parent":107,"menu_order":0,"comment_status":"closed","ping_status":"closed","template":"","meta":{"_acf_changed":true,"footnotes":""},"class_list":["post-1630","page","type-page","status-publish","hentry"],"acf":[],"yoast_head":"<!-- This site is optimized with the Yoast SEO plugin v27.3 - https:\/\/yoast.com\/product\/yoast-seo-wordpress\/ -->\n<title>Historic Restoration - Bulley &amp; Andrews<\/title>\n<meta name=\"robots\" content=\"index, follow, max-snippet:-1, max-image-preview:large, max-video-preview:-1\" \/>\n<link rel=\"canonical\" href=\"https:\/\/www.bulley.com\/es\/markets\/historic-restoration\/\" \/>\n<meta property=\"og:locale\" content=\"es_MX\" \/>\n<meta property=\"og:type\" content=\"article\" \/>\n<meta property=\"og:title\" content=\"Historic Restoration - Bulley &amp; Andrews\" \/>\n<meta property=\"og:description\" content=\"Historic Restoration As one of Chicago&#8217;s and the nation\u2019s oldest general contracting firms, Bulley &amp; Andrews has an inherent appreciation for historical significance. We take great pride in our ability to provide the research, expertise and vision necessary to preserve and restore historical treasures. Our dedication to this cause is supported by our project team\u2019s&hellip;\" \/>\n<meta property=\"og:url\" content=\"https:\/\/www.bulley.com\/es\/markets\/historic-restoration\/\" \/>\n<meta property=\"og:site_name\" content=\"Bulley &amp; Andrews\" \/>\n<meta property=\"article:publisher\" content=\"https:\/\/www.facebook.com\/BulleyAndrews\" \/>\n<meta property=\"article:modified_time\" content=\"2025-04-11T21:35:09+00:00\" \/>\n<meta property=\"og:image\" content=\"https:\/\/www.bulley.com\/wp-content\/uploads\/2018\/11\/og-image.png\" \/>\n\t<meta property=\"og:image:width\" content=\"1200\" \/>\n\t<meta property=\"og:image:height\" content=\"1200\" \/>\n\t<meta property=\"og:image:type\" content=\"image\/png\" \/>\n<meta name=\"twitter:label1\" content=\"Tiempo de lectura\" \/>\n\t<meta name=\"twitter:data1\" content=\"1 minuto\" \/>\n<script type=\"application\/ld+json\" class=\"yoast-schema-graph\">{\"@context\":\"https:\\\/\\\/schema.org\",\"@graph\":[{\"@type\":\"WebPage\",\"@id\":\"https:\\\/\\\/www.bulley.com\\\/markets\\\/historic-restoration\\\/\",\"url\":\"https:\\\/\\\/www.bulley.com\\\/markets\\\/historic-restoration\\\/\",\"name\":\"Historic Restoration - Bulley &amp; Andrews\",\"isPartOf\":{\"@id\":\"https:\\\/\\\/www.bulley.com\\\/#website\"},\"datePublished\":\"2014-07-14T17:00:21+00:00\",\"dateModified\":\"2025-04-11T21:35:09+00:00\",\"breadcrumb\":{\"@id\":\"https:\\\/\\\/www.bulley.com\\\/markets\\\/historic-restoration\\\/#breadcrumb\"},\"inLanguage\":\"es\",\"potentialAction\":[{\"@type\":\"ReadAction\",\"target\":[\"https:\\\/\\\/www.bulley.com\\\/markets\\\/historic-restoration\\\/\"]}]},{\"@type\":\"BreadcrumbList\",\"@id\":\"https:\\\/\\\/www.bulley.com\\\/markets\\\/historic-restoration\\\/#breadcrumb\",\"itemListElement\":[{\"@type\":\"ListItem\",\"position\":1,\"name\":\"Home\",\"item\":\"https:\\\/\\\/www.bulley.com\\\/\"},{\"@type\":\"ListItem\",\"position\":2,\"name\":\"Markets\",\"item\":\"https:\\\/\\\/www.bulley.com\\\/markets\\\/\"},{\"@type\":\"ListItem\",\"position\":3,\"name\":\"Historic Restoration\"}]},{\"@type\":\"WebSite\",\"@id\":\"https:\\\/\\\/www.bulley.com\\\/#website\",\"url\":\"https:\\\/\\\/www.bulley.com\\\/\",\"name\":\"Bulley &amp; Andrews\",\"description\":\"\",\"publisher\":{\"@id\":\"https:\\\/\\\/www.bulley.com\\\/#organization\"},\"potentialAction\":[{\"@type\":\"SearchAction\",\"target\":{\"@type\":\"EntryPoint\",\"urlTemplate\":\"https:\\\/\\\/www.bulley.com\\\/?s={search_term_string}\"},\"query-input\":{\"@type\":\"PropertyValueSpecification\",\"valueRequired\":true,\"valueName\":\"search_term_string\"}}],\"inLanguage\":\"es\"},{\"@type\":\"Organization\",\"@id\":\"https:\\\/\\\/www.bulley.com\\\/#organization\",\"name\":\"Bulley & Andrews\",\"url\":\"https:\\\/\\\/www.bulley.com\\\/\",\"logo\":{\"@type\":\"ImageObject\",\"inLanguage\":\"es\",\"@id\":\"https:\\\/\\\/www.bulley.com\\\/#\\\/schema\\\/logo\\\/image\\\/\",\"url\":\"https:\\\/\\\/www.bulley.com\\\/wp-content\\\/uploads\\\/2018\\\/11\\\/og-image.png\",\"contentUrl\":\"https:\\\/\\\/www.bulley.com\\\/wp-content\\\/uploads\\\/2018\\\/11\\\/og-image.png\",\"width\":1200,\"height\":1200,\"caption\":\"Bulley & Andrews\"},\"image\":{\"@id\":\"https:\\\/\\\/www.bulley.com\\\/#\\\/schema\\\/logo\\\/image\\\/\"},\"sameAs\":[\"https:\\\/\\\/www.facebook.com\\\/BulleyAndrews\",\"https:\\\/\\\/x.com\\\/BulleyAndrews\",\"https:\\\/\\\/www.instagram.com\\\/bulleyandrews1891\",\"https:\\\/\\\/www.linkedin.com\\\/company\\\/344505\",\"https:\\\/\\\/www.youtube.com\\\/channel\\\/UCjSshpO1nmcChSTZCBji59Q\"]}]}<\/script>\n<!-- \/ Yoast SEO plugin. -->","yoast_head_json":{"title":"Restauraci\u00f3n hist\u00f3rica - Bulley &amp; Andrews","robots":{"index":"index","follow":"follow","max-snippet":"max-snippet:-1","max-image-preview":"max-image-preview:large","max-video-preview":"max-video-preview:-1"},"canonical":"https:\/\/www.bulley.com\/es\/markets\/historic-restoration\/","og_locale":"es_MX","og_type":"article","og_title":"Historic Restoration - Bulley &amp; Andrews","og_description":"Historic Restoration As one of Chicago&#8217;s and the nation\u2019s oldest general contracting firms, Bulley &amp; Andrews has an inherent appreciation for historical significance. We take great pride in our ability to provide the research, expertise and vision necessary to preserve and restore historical treasures. Our dedication to this cause is supported by our project team\u2019s&hellip;","og_url":"https:\/\/www.bulley.com\/es\/markets\/historic-restoration\/","og_site_name":"Bulley &amp; Andrews","article_publisher":"https:\/\/www.facebook.com\/BulleyAndrews","article_modified_time":"2025-04-11T21:35:09+00:00","og_image":[{"width":1200,"height":1200,"url":"https:\/\/www.bulley.com\/wp-content\/uploads\/2018\/11\/og-image.png","type":"image\/png"}],"twitter_misc":{"Tiempo de lectura":"1 minuto"},"schema":{"@context":"https:\/\/schema.org","@graph":[{"@type":"WebPage","@id":"https:\/\/www.bulley.com\/markets\/historic-restoration\/","url":"https:\/\/www.bulley.com\/markets\/historic-restoration\/","name":"Restauraci\u00f3n hist\u00f3rica - Bulley &amp; Andrews","isPartOf":{"@id":"https:\/\/www.bulley.com\/#website"},"datePublished":"2014-07-14T17:00:21+00:00","dateModified":"2025-04-11T21:35:09+00:00","breadcrumb":{"@id":"https:\/\/www.bulley.com\/markets\/historic-restoration\/#breadcrumb"},"inLanguage":"es","potentialAction":[{"@type":"ReadAction","target":["https:\/\/www.bulley.com\/markets\/historic-restoration\/"]}]},{"@type":"BreadcrumbList","@id":"https:\/\/www.bulley.com\/markets\/historic-restoration\/#breadcrumb","itemListElement":[{"@type":"ListItem","position":1,"name":"Home","item":"https:\/\/www.bulley.com\/"},{"@type":"ListItem","position":2,"name":"Markets","item":"https:\/\/www.bulley.com\/markets\/"},{"@type":"ListItem","position":3,"name":"Historic Restoration"}]},{"@type":"WebSite","@id":"https:\/\/www.bulley.com\/#website","url":"https:\/\/www.bulley.com\/","name":"Bulley &amp; Andrews","description":"","publisher":{"@id":"https:\/\/www.bulley.com\/#organization"},"potentialAction":[{"@type":"SearchAction","target":{"@type":"EntryPoint","urlTemplate":"https:\/\/www.bulley.com\/?s={search_term_string}"},"query-input":{"@type":"PropertyValueSpecification","valueRequired":true,"valueName":"search_term_string"}}],"inLanguage":"es"},{"@type":"Organization","@id":"https:\/\/www.bulley.com\/#organization","name":"Bulley &amp; Andrews","url":"https:\/\/www.bulley.com\/","logo":{"@type":"ImageObject","inLanguage":"es","@id":"https:\/\/www.bulley.com\/#\/schema\/logo\/image\/","url":"https:\/\/www.bulley.com\/wp-content\/uploads\/2018\/11\/og-image.png","contentUrl":"https:\/\/www.bulley.com\/wp-content\/uploads\/2018\/11\/og-image.png","width":1200,"height":1200,"caption":"Bulley & Andrews"},"image":{"@id":"https:\/\/www.bulley.com\/#\/schema\/logo\/image\/"},"sameAs":["https:\/\/www.facebook.com\/BulleyAndrews","https:\/\/x.com\/BulleyAndrews","https:\/\/www.instagram.com\/bulleyandrews1891","https:\/\/www.linkedin.com\/company\/344505","https:\/\/www.youtube.com\/channel\/UCjSshpO1nmcChSTZCBji59Q"]}]}},"_links":{"self":[{"href":"https:\/\/www.bulley.com\/es\/wp-json\/wp\/v2\/pages\/1630","targetHints":{"allow":["GET"]}}],"collection":[{"href":"https:\/\/www.bulley.com\/es\/wp-json\/wp\/v2\/pages"}],"about":[{"href":"https:\/\/www.bulley.com\/es\/wp-json\/wp\/v2\/types\/page"}],"author":[{"embeddable":true,"href":"https:\/\/www.bulley.com\/es\/wp-json\/wp\/v2\/users\/1"}],"replies":[{"embeddable":true,"href":"https:\/\/www.bulley.com\/es\/wp-json\/wp\/v2\/comments?post=1630"}],"version-history":[{"count":0,"href":"https:\/\/www.bulley.com\/es\/wp-json\/wp\/v2\/pages\/1630\/revisions"}],"up":[{"embeddable":true,"href":"https:\/\/www.bulley.com\/es\/wp-json\/wp\/v2\/pages\/107"}],"wp:attachment":[{"href":"https:\/\/www.bulley.com\/es\/wp-json\/wp\/v2\/media?parent=1630"}],"curies":[{"name":"gracias","href":"https:\/\/api.w.org\/{rel}","templated":true}]}}