{"id":120,"date":"2014-07-08T18:14:30","date_gmt":"2014-07-08T18:14:30","guid":{"rendered":"http:\/\/bulley.com\/?page_id=120"},"modified":"2024-06-21T11:54:54","modified_gmt":"2024-06-21T16:54:54","slug":"safety-record","status":"publish","type":"page","link":"https:\/\/www.bulley.com\/es\/about\/safety-record\/","title":{"rendered":"La seguridad"},"content":{"rendered":"<p>La s\u00f3lida cultura de seguridad de Bulley &amp; Andrews, desarrollada y mantenida por nuestros empleados dedicados, garantiza que las personas regresen a casa sanas y salvas al final de cada d\u00eda. Nuestros esfuerzos han dado como resultado uno de los logros m\u00e1s importantes en nuestros 130 a\u00f1os. historia: <\/p>\n\n\n\n<figure class=\"wp-block-pullquote\"><blockquote><p><strong>M\u00e1s de 700.000 horas trabajadas por cuenta propia en 2022 sin ning\u00fan tiempo perdido.<\/strong><\/p><\/blockquote><\/figure>\n\n\n\n<p>Esta estad\u00edstica es la evidencia m\u00e1s reciente del compromiso de B&amp;A con la seguridad. Sin embargo, nuestro EMR se encuentra constantemente entre los m\u00e1s bajos de la industria.<\/p>\n\n\n\n<p>Con una calificaci\u00f3n de seguridad entre las mejores de la industria, Bulley &amp; Andrews hace de la seguridad y la capacitaci\u00f3n una prioridad.<\/p>\n\n\n\n<p>Estamos orgullosos de nuestro excelente historial de seguridad, logrado gracias a la dedicaci\u00f3n de nuestros empleados y contratistas comerciales. Trabajamos incansablemente para promover entornos seguros y sin accidentes que reflejen nuestro firme compromiso con los sitios de proyectos sin accidentes.<\/p>\n\n\n\n<p>Nuestra tasa de modificaci\u00f3n de la experiencia <strong>(EMR) es .67,<\/strong>\u00a0entre los m\u00e1s bajos de la industria de la construcci\u00f3n y muy por debajo del est\u00e1ndar de la industria nacional de 1.0. Nuestra formidable calificaci\u00f3n de seguridad es de particular importancia para los propietarios, ya que disminuye las tarifas de seguro, lo que resulta en ahorros de costos directos.<br><\/p>\n\n\n\n<p><\/p>\n\n\n\n<h1 class=\"wp-block-heading\"><strong>Seguridad creada por la cultura&nbsp;<\/strong><\/h1>\n\n\n\n<p>Para B&amp;A, la seguridad significa mucho m\u00e1s que obtener un EMR bajo, lograr tarifas de seguro favorables y cumplir con las regulaciones de OSHA. Se trata de hacer un esfuerzo exhaustivo para desarrollar y ejecutar pr\u00e1cticas de construcci\u00f3n seguras para garantizar entornos de trabajo seguros. Logramos y mantenemos estad\u00edsticas de seguridad impresionantes al promover una mentalidad de &quot;seguridad primero&quot;. Nuestra cultura de la seguridad se basa en el principio fundamental de que la seguridad es lo primero.<\/p>\n\n\n\n<p>B&amp;A se enorgullece y dedica importantes recursos a fortalecer nuestro departamento de seguridad y respaldar sus mejores pr\u00e1cticas y protocolos. Sin embargo, lo que nos distingue como organizaci\u00f3n es una cultura que no solo establece mandatos y monitorea el cumplimiento. La formidable cultura de seguridad de B&amp;A se basa en que los empleados son la fuerza impulsora para cuidarse unos a otros y crear y mantener condiciones seguras. Independientemente de las facetas de la organizaci\u00f3n a la que sirva, como colectivo, compartimos un compromiso: <em>todos deben irse a casa sanos y salvos al final del d\u00eda.<\/em><\/p>\n\n\n\n<p>Este esp\u00edritu es f\u00e1cilmente evidenciado por los empleados que buscan de manera proactiva mejorar nuestras pr\u00e1cticas y trabajan incansablemente para evitar accidentes. Un ejemplo de esta mayor dedicaci\u00f3n est\u00e1 mejor personificado por uno de nuestro personal de seguridad que recientemente obtuvo la certificaci\u00f3n OSHA 500. Esta capacitaci\u00f3n avanzada les permite ense\u00f1ar programas de capacitaci\u00f3n de alcance de seguridad y salud OSHA 10 y OSHA de 30 horas y emitir certificaciones a los empleados de B&amp;A. Esto no solo permite que los miembros del personal contin\u00faen convenientemente con la capacitaci\u00f3n en seguridad interna, sino que tambi\u00e9n les brinda la oportunidad de aprender de sus compa\u00f1eros y defender nuestra mentalidad de \u201cseguridad creada por la cultura\u201d.<\/p>\n\n\n\n<p>Los equipos de proyectos de B&amp;A llevan a cabo charlas semanales in situ sobre la caja de herramientas y participan en reuniones de revisi\u00f3n de seguridad como parte de nuestro riguroso programa de seguridad. Tambi\u00e9n realizamos capacitaciones de seguridad trimestrales para todos los supervisores de campo. Todos los supervisores de B&amp;A est\u00e1n capacitados por OSHA durante 30 horas.<\/p>\n\n\n\n<p>Los profesionales de seguridad de B&amp;A realizan auditor\u00edas de seguridad peri\u00f3dicas y ayudan a nuestro personal del proyecto a garantizar que se identifiquen y cumplan todos los requisitos de seguridad espec\u00edficos del sitio y de OSHA.<\/p>\n\n\n\n<p>Para obtener nuestro manual de seguridad para subcontratistas, haga clic en <a href=\"https:\/\/view.publitas.com\/bulley-andrews-1\/bulley-andrews-safety-manual-july-2020\/page\/1\">aqu\u00ed<\/a>.<\/p>","protected":false},"excerpt":{"rendered":"<p>La s\u00f3lida cultura de seguridad de Bulley &amp; Andrews, desarrollada y mantenida por nuestros dedicados empleados, garantiza que las personas regresen a casa seguras y saludables al final de cada d\u00eda. Nuestros esfuerzos han dado como resultado uno de los logros m\u00e1s importantes en nuestros 130 a\u00f1os. Historial: m\u00e1s de 700.000 horas trabajadas por cuenta propia en 2022 con 0 tiempo perdido. Esta estad\u00edstica es la\u2026<\/p>","protected":false},"author":1,"featured_media":0,"parent":112,"menu_order":0,"comment_status":"closed","ping_status":"closed","template":"","meta":{"_acf_changed":false,"footnotes":""},"class_list":["post-120","page","type-page","status-publish","hentry"],"acf":[],"yoast_head":"<!-- This site is optimized with the Yoast SEO plugin v27.3 - https:\/\/yoast.com\/product\/yoast-seo-wordpress\/ -->\n<title>Safety - Bulley &amp; Andrews<\/title>\n<meta name=\"description\" content=\"We are proud of our excellent safety record, achieved through the dedication of our employees and subcontractors.\" \/>\n<meta name=\"robots\" content=\"index, follow, max-snippet:-1, max-image-preview:large, max-video-preview:-1\" \/>\n<link rel=\"canonical\" href=\"https:\/\/www.bulley.com\/es\/about\/safety-record\/\" \/>\n<meta property=\"og:locale\" content=\"es_MX\" \/>\n<meta property=\"og:type\" content=\"article\" \/>\n<meta property=\"og:title\" content=\"Safety - Bulley &amp; Andrews\" \/>\n<meta property=\"og:description\" content=\"We are proud of our excellent safety record, achieved through the dedication of our employees and subcontractors.\" \/>\n<meta property=\"og:url\" content=\"https:\/\/www.bulley.com\/es\/about\/safety-record\/\" \/>\n<meta property=\"og:site_name\" content=\"Bulley &amp; Andrews\" \/>\n<meta property=\"article:publisher\" content=\"https:\/\/www.facebook.com\/BulleyAndrews\" \/>\n<meta property=\"article:modified_time\" content=\"2024-06-21T16:54:54+00:00\" \/>\n<meta property=\"og:image\" content=\"https:\/\/www.bulley.com\/wp-content\/uploads\/2018\/11\/og-image.png\" \/>\n\t<meta property=\"og:image:width\" content=\"1200\" \/>\n\t<meta property=\"og:image:height\" content=\"1200\" \/>\n\t<meta property=\"og:image:type\" content=\"image\/png\" \/>\n<meta name=\"twitter:label1\" content=\"Tiempo de lectura\" \/>\n\t<meta name=\"twitter:data1\" content=\"3 minutos\" \/>\n<script type=\"application\/ld+json\" class=\"yoast-schema-graph\">{\"@context\":\"https:\\\/\\\/schema.org\",\"@graph\":[{\"@type\":\"WebPage\",\"@id\":\"https:\\\/\\\/www.bulley.com\\\/about\\\/safety-record\\\/\",\"url\":\"https:\\\/\\\/www.bulley.com\\\/about\\\/safety-record\\\/\",\"name\":\"Safety - Bulley &amp; Andrews\",\"isPartOf\":{\"@id\":\"https:\\\/\\\/www.bulley.com\\\/#website\"},\"datePublished\":\"2014-07-08T18:14:30+00:00\",\"dateModified\":\"2024-06-21T16:54:54+00:00\",\"description\":\"We are proud of our excellent safety record, achieved through the dedication of our employees and subcontractors.\",\"breadcrumb\":{\"@id\":\"https:\\\/\\\/www.bulley.com\\\/about\\\/safety-record\\\/#breadcrumb\"},\"inLanguage\":\"es\",\"potentialAction\":[{\"@type\":\"ReadAction\",\"target\":[\"https:\\\/\\\/www.bulley.com\\\/about\\\/safety-record\\\/\"]}]},{\"@type\":\"BreadcrumbList\",\"@id\":\"https:\\\/\\\/www.bulley.com\\\/about\\\/safety-record\\\/#breadcrumb\",\"itemListElement\":[{\"@type\":\"ListItem\",\"position\":1,\"name\":\"Home\",\"item\":\"https:\\\/\\\/www.bulley.com\\\/\"},{\"@type\":\"ListItem\",\"position\":2,\"name\":\"Profile\",\"item\":\"https:\\\/\\\/www.bulley.com\\\/about\\\/\"},{\"@type\":\"ListItem\",\"position\":3,\"name\":\"Safety\"}]},{\"@type\":\"WebSite\",\"@id\":\"https:\\\/\\\/www.bulley.com\\\/#website\",\"url\":\"https:\\\/\\\/www.bulley.com\\\/\",\"name\":\"Bulley &amp; Andrews\",\"description\":\"\",\"publisher\":{\"@id\":\"https:\\\/\\\/www.bulley.com\\\/#organization\"},\"potentialAction\":[{\"@type\":\"SearchAction\",\"target\":{\"@type\":\"EntryPoint\",\"urlTemplate\":\"https:\\\/\\\/www.bulley.com\\\/?s={search_term_string}\"},\"query-input\":{\"@type\":\"PropertyValueSpecification\",\"valueRequired\":true,\"valueName\":\"search_term_string\"}}],\"inLanguage\":\"es\"},{\"@type\":\"Organization\",\"@id\":\"https:\\\/\\\/www.bulley.com\\\/#organization\",\"name\":\"Bulley & Andrews\",\"url\":\"https:\\\/\\\/www.bulley.com\\\/\",\"logo\":{\"@type\":\"ImageObject\",\"inLanguage\":\"es\",\"@id\":\"https:\\\/\\\/www.bulley.com\\\/#\\\/schema\\\/logo\\\/image\\\/\",\"url\":\"https:\\\/\\\/www.bulley.com\\\/wp-content\\\/uploads\\\/2018\\\/11\\\/og-image.png\",\"contentUrl\":\"https:\\\/\\\/www.bulley.com\\\/wp-content\\\/uploads\\\/2018\\\/11\\\/og-image.png\",\"width\":1200,\"height\":1200,\"caption\":\"Bulley & Andrews\"},\"image\":{\"@id\":\"https:\\\/\\\/www.bulley.com\\\/#\\\/schema\\\/logo\\\/image\\\/\"},\"sameAs\":[\"https:\\\/\\\/www.facebook.com\\\/BulleyAndrews\",\"https:\\\/\\\/x.com\\\/BulleyAndrews\",\"https:\\\/\\\/www.instagram.com\\\/bulleyandrews1891\",\"https:\\\/\\\/www.linkedin.com\\\/company\\\/344505\",\"https:\\\/\\\/www.youtube.com\\\/channel\\\/UCjSshpO1nmcChSTZCBji59Q\"]}]}<\/script>\n<!-- \/ Yoast SEO plugin. -->","yoast_head_json":{"title":"Seguridad - Bulley &amp; Andrews","description":"Estamos orgullosos de nuestro excelente historial de seguridad, logrado gracias a la dedicaci\u00f3n de nuestros empleados y subcontratistas.","robots":{"index":"index","follow":"follow","max-snippet":"max-snippet:-1","max-image-preview":"max-image-preview:large","max-video-preview":"max-video-preview:-1"},"canonical":"https:\/\/www.bulley.com\/es\/about\/safety-record\/","og_locale":"es_MX","og_type":"article","og_title":"Safety - Bulley &amp; Andrews","og_description":"We are proud of our excellent safety record, achieved through the dedication of our employees and subcontractors.","og_url":"https:\/\/www.bulley.com\/es\/about\/safety-record\/","og_site_name":"Bulley &amp; Andrews","article_publisher":"https:\/\/www.facebook.com\/BulleyAndrews","article_modified_time":"2024-06-21T16:54:54+00:00","og_image":[{"width":1200,"height":1200,"url":"https:\/\/www.bulley.com\/wp-content\/uploads\/2018\/11\/og-image.png","type":"image\/png"}],"twitter_misc":{"Tiempo de lectura":"3 minutos"},"schema":{"@context":"https:\/\/schema.org","@graph":[{"@type":"WebPage","@id":"https:\/\/www.bulley.com\/about\/safety-record\/","url":"https:\/\/www.bulley.com\/about\/safety-record\/","name":"Seguridad - Bulley &amp; Andrews","isPartOf":{"@id":"https:\/\/www.bulley.com\/#website"},"datePublished":"2014-07-08T18:14:30+00:00","dateModified":"2024-06-21T16:54:54+00:00","description":"Estamos orgullosos de nuestro excelente historial de seguridad, logrado gracias a la dedicaci\u00f3n de nuestros empleados y subcontratistas.","breadcrumb":{"@id":"https:\/\/www.bulley.com\/about\/safety-record\/#breadcrumb"},"inLanguage":"es","potentialAction":[{"@type":"ReadAction","target":["https:\/\/www.bulley.com\/about\/safety-record\/"]}]},{"@type":"BreadcrumbList","@id":"https:\/\/www.bulley.com\/about\/safety-record\/#breadcrumb","itemListElement":[{"@type":"ListItem","position":1,"name":"Home","item":"https:\/\/www.bulley.com\/"},{"@type":"ListItem","position":2,"name":"Profile","item":"https:\/\/www.bulley.com\/about\/"},{"@type":"ListItem","position":3,"name":"Safety"}]},{"@type":"WebSite","@id":"https:\/\/www.bulley.com\/#website","url":"https:\/\/www.bulley.com\/","name":"Bulley &amp; Andrews","description":"","publisher":{"@id":"https:\/\/www.bulley.com\/#organization"},"potentialAction":[{"@type":"SearchAction","target":{"@type":"EntryPoint","urlTemplate":"https:\/\/www.bulley.com\/?s={search_term_string}"},"query-input":{"@type":"PropertyValueSpecification","valueRequired":true,"valueName":"search_term_string"}}],"inLanguage":"es"},{"@type":"Organization","@id":"https:\/\/www.bulley.com\/#organization","name":"Bulley &amp; Andrews","url":"https:\/\/www.bulley.com\/","logo":{"@type":"ImageObject","inLanguage":"es","@id":"https:\/\/www.bulley.com\/#\/schema\/logo\/image\/","url":"https:\/\/www.bulley.com\/wp-content\/uploads\/2018\/11\/og-image.png","contentUrl":"https:\/\/www.bulley.com\/wp-content\/uploads\/2018\/11\/og-image.png","width":1200,"height":1200,"caption":"Bulley & Andrews"},"image":{"@id":"https:\/\/www.bulley.com\/#\/schema\/logo\/image\/"},"sameAs":["https:\/\/www.facebook.com\/BulleyAndrews","https:\/\/x.com\/BulleyAndrews","https:\/\/www.instagram.com\/bulleyandrews1891","https:\/\/www.linkedin.com\/company\/344505","https:\/\/www.youtube.com\/channel\/UCjSshpO1nmcChSTZCBji59Q"]}]}},"_links":{"self":[{"href":"https:\/\/www.bulley.com\/es\/wp-json\/wp\/v2\/pages\/120","targetHints":{"allow":["GET"]}}],"collection":[{"href":"https:\/\/www.bulley.com\/es\/wp-json\/wp\/v2\/pages"}],"about":[{"href":"https:\/\/www.bulley.com\/es\/wp-json\/wp\/v2\/types\/page"}],"author":[{"embeddable":true,"href":"https:\/\/www.bulley.com\/es\/wp-json\/wp\/v2\/users\/1"}],"replies":[{"embeddable":true,"href":"https:\/\/www.bulley.com\/es\/wp-json\/wp\/v2\/comments?post=120"}],"version-history":[{"count":0,"href":"https:\/\/www.bulley.com\/es\/wp-json\/wp\/v2\/pages\/120\/revisions"}],"up":[{"embeddable":true,"href":"https:\/\/www.bulley.com\/es\/wp-json\/wp\/v2\/pages\/112"}],"wp:attachment":[{"href":"https:\/\/www.bulley.com\/es\/wp-json\/wp\/v2\/media?parent=120"}],"curies":[{"name":"gracias","href":"https:\/\/api.w.org\/{rel}","templated":true}]}}